{"id":122,"date":"2025-11-22T18:43:13","date_gmt":"2025-11-22T18:43:13","guid":{"rendered":"https:\/\/grancasala.store\/tienda\/"},"modified":"2025-11-26T05:24:56","modified_gmt":"2025-11-26T05:24:56","slug":"tienda","status":"publish","type":"page","link":"https:\/\/grancasala.store\/es\/","title":{"rendered":"Tienda"},"content":{"rendered":"\t\t<div data-elementor-type=\"wp-page\" data-elementor-id=\"122\" class=\"elementor elementor-122 elementor-7\">\n\t\t\t\t<div class=\"elementor-element elementor-element-8317091 e-con-full wd-section-stretch-content e-flex e-con e-parent\" data-id=\"8317091\" data-element_type=\"container\" data-e-type=\"container\" data-settings=\"{&quot;background_background&quot;:&quot;classic&quot;}\">\n\t\t<div class=\"wd-negative-gap elementor-element elementor-element-35e4764 e-flex e-con-boxed e-con e-child\" data-id=\"35e4764\" data-element_type=\"container\" data-e-type=\"container\">\n\t\t\t\t\t<div class=\"e-con-inner\">\n\t\t\t\t<div class=\"elementor-element elementor-element-79a464a elementor-widget elementor-widget-heading\" data-id=\"79a464a\" data-element_type=\"widget\" data-e-type=\"widget\" data-widget_type=\"heading.default\">\n\t\t\t\t\t<h2 class=\"elementor-heading-title elementor-size-default\">Comprar M\u00e9xico\u200b<\/h2>\t\t\t\t<\/div>\n\t\t\t\t<div class=\"elementor-element elementor-element-5e01dc2 elementor-widget elementor-widget-image\" data-id=\"5e01dc2\" data-element_type=\"widget\" data-e-type=\"widget\" data-widget_type=\"image.default\">\n\t\t\t\t\t\t\t\t\t\t\t\t\t\t\t<img loading=\"lazy\" decoding=\"async\" width=\"480\" height=\"102\" src=\"https:\/\/grancasala.store\/wp-content\/uploads\/2025\/11\/Quotes-L1-1.avif\" class=\"attachment-large size-large wp-image-181\" alt=\"\" srcset=\"https:\/\/grancasala.store\/wp-content\/uploads\/2025\/11\/Quotes-L1-1.avif 480w, https:\/\/grancasala.store\/wp-content\/uploads\/2025\/11\/Quotes-L1-1-300x64.avif 300w, https:\/\/grancasala.store\/wp-content\/uploads\/2025\/11\/Quotes-L1-1-150x32.avif 150w\" sizes=\"auto, (max-width: 480px) 100vw, 480px\" \/>\t\t\t\t\t\t\t\t\t\t\t\t\t\t\t<\/div>\n\t\t\t\t\t<\/div>\n\t\t\t\t<\/div>\n\t\t\t\t<div class=\"elementor-element elementor-element-f775003 elementor-widget__width-initial wd-width-100 elementor-widget elementor-widget-wd_products\" data-id=\"f775003\" data-element_type=\"widget\" data-e-type=\"widget\" data-widget_type=\"wd_products.default\">\n\t\t\t\t<div class=\"elementor-widget-container\">\n\t\t\t\t\t\t\t\t\t\t<div class=\"wd-products-element\">\n\n\t\t\t\n\t\t\t\n\t\t\t\n\t\t\t\n\t\t\t<div class=\"products wd-products elements-list wd-grid-g wd-products-with-bg wd-products-with-shadow\" data-paged=\"1\" data-atts=\"{&quot;speed&quot;:null,&quot;slides_per_view&quot;:null,&quot;wrap&quot;:null,&quot;autoplay&quot;:null,&quot;autoheight&quot;:null,&quot;hide_pagination_control&quot;:null,&quot;dynamic_pagination_control&quot;:null,&quot;hide_prev_next_buttons&quot;:null,&quot;carousel_arrows_position&quot;:null,&quot;hide_scrollbar&quot;:null,&quot;scroll_per_page&quot;:null,&quot;center_mode&quot;:null,&quot;post_type&quot;:&quot;ids&quot;,&quot;spacing&quot;:null,&quot;carousel_sync&quot;:null,&quot;sync_parent_id&quot;:null,&quot;sync_child_id&quot;:null,&quot;scroll_carousel_init&quot;:null,&quot;disable_overflow_carousel&quot;:null,&quot;include&quot;:[&quot;137&quot;],&quot;taxonomies&quot;:null,&quot;offset&quot;:null,&quot;order&quot;:null,&quot;meta_key&quot;:null,&quot;exclude&quot;:null,&quot;shop_tools&quot;:null,&quot;hide_out_of_stock&quot;:&quot;&quot;,&quot;ajax_recently_viewed&quot;:null,&quot;layout&quot;:&quot;list&quot;,&quot;pagination_arrows_position&quot;:null,&quot;items_per_page&quot;:5,&quot;columns&quot;:null,&quot;products_masonry&quot;:null,&quot;products_different_sizes&quot;:null,&quot;product_quantity&quot;:&quot;&quot;,&quot;product_hover&quot;:null,&quot;sale_countdown&quot;:&quot;0&quot;,&quot;stretch_product&quot;:null,&quot;stock_progress_bar&quot;:&quot;0&quot;,&quot;highlighted_products&quot;:&quot;&quot;,&quot;products_divider&quot;:null,&quot;products_bordered_grid&quot;:&quot;&quot;,&quot;products_bordered_grid_style&quot;:null,&quot;products_with_background&quot;:&quot;1&quot;,&quot;products_shadow&quot;:&quot;1&quot;,&quot;products_color_scheme&quot;:&quot;dark&quot;,&quot;img_size&quot;:&quot;large&quot;,&quot;img_size_custom&quot;:null,&quot;grid_gallery_control&quot;:null,&quot;grid_gallery_enable_arrows&quot;:null,&quot;lazy_loading&quot;:&quot;yes&quot;,&quot;elementor&quot;:true,&quot;force_not_ajax&quot;:&quot;no&quot;}\" data-source=\"shortcode\" data-columns=\"\" data-grid-gallery=\"\" style=\"--wd-col-lg:1;--wd-col-md:1;--wd-col-sm:1;\">\n\t\t\n\t\t\t\t\t\t\t\t<div class=\"wd-product product-list-item wd-col product-grid-item product color-scheme-dark type-product post-137 status-publish instock product_cat-mexico has-post-thumbnail shipping-taxable purchasable product-type-simple\" data-loop=\"1\" data-id=\"137\">\n\t\n\t\n\t<div class=\"product-wrapper\">\n\t\t<div class=\"product-element-top wd-quick-shop\">\n\t\t\t<a href=\"https:\/\/grancasala.store\/es\/product\/tequila-blanco-750-ml\/\" class=\"product-image-link\" tabindex=\"-1\" aria-label=\"Tequila blanco 750 mL\">\n\t\t\t\t<img loading=\"lazy\" decoding=\"async\" width=\"700\" height=\"700\" src=\"https:\/\/grancasala.store\/wp-content\/uploads\/2025\/11\/Blanco-1.png\" class=\"attachment-large size-large\" alt=\"\" srcset=\"https:\/\/grancasala.store\/wp-content\/uploads\/2025\/11\/Blanco-1.png 700w, https:\/\/grancasala.store\/wp-content\/uploads\/2025\/11\/Blanco-1-300x300.png 300w, https:\/\/grancasala.store\/wp-content\/uploads\/2025\/11\/Blanco-1-150x150.png 150w, https:\/\/grancasala.store\/wp-content\/uploads\/2025\/11\/Blanco-1-600x600.png 600w\" sizes=\"auto, (max-width: 700px) 100vw, 700px\" \/>\t\t\t<\/a>\n\n\t\t\t\t\t\t<div class=\"hover-img\">\n\t\t\t\t<img loading=\"lazy\" decoding=\"async\" width=\"700\" height=\"700\" src=\"https:\/\/grancasala.store\/wp-content\/uploads\/2025\/11\/Tequila-Mexico-Products-2.png\" class=\"attachment-large size-large\" alt=\"\" srcset=\"https:\/\/grancasala.store\/wp-content\/uploads\/2025\/11\/Tequila-Mexico-Products-2.png 700w, https:\/\/grancasala.store\/wp-content\/uploads\/2025\/11\/Tequila-Mexico-Products-2-300x300.png 300w, https:\/\/grancasala.store\/wp-content\/uploads\/2025\/11\/Tequila-Mexico-Products-2-150x150.png 150w, https:\/\/grancasala.store\/wp-content\/uploads\/2025\/11\/Tequila-Mexico-Products-2-600x600.png 600w\" sizes=\"auto, (max-width: 700px) 100vw, 700px\" \/>\t\t\t<\/div>\n\t\t\t\n\t\t\t<div class=\"wd-buttons wd-pos-r-t\">\n\t\t\t\t\t\t\t\t\t\t<div class=\"quick-view wd-action-btn wd-style-icon wd-quick-view-icon\">\n\t\t\t<a\n\t\t\t\thref=\"https:\/\/grancasala.store\/es\/product\/tequila-blanco-750-ml\/\"\n\t\t\t\tclass=\"open-quick-view quick-view-button\"\n\t\t\t\trel=\"nofollow\"\n\t\t\t\tdata-id=\"137\"\n\t\t\t\t>Quick view<\/a>\n\t\t<\/div>\n\t\t\t\t\t\t\t\t\t\t\t\t\t<\/div>\n\t\t<\/div>\n\n\t\t<div class=\"product-list-content wd-scroll\">\n\t\t\t<h3 class=\"wd-entities-title\"><a href=\"https:\/\/grancasala.store\/es\/product\/tequila-blanco-750-ml\/\">Tequila blanco 750 mL<\/a><\/h3>\t\t\t\t\t\t\t\t\t\t\t\t\n\t<span class=\"price\"><span class=\"woocommerce-Price-amount amount\"><bdi><span class=\"woocommerce-Price-currencySymbol\">MX$<\/span>1,199.00<\/bdi><\/span><\/span>\n\t\t\t\t\t\t<div class=\"woocommerce-product-details__short-description\">\n\t<p><strong>Env\u00edo gratis<br \/>\nEntrega en 5\u20137 d\u00edas<\/strong><br \/>\nTequila Gran Casal\u00e1 Blanco es un tequila artesanal elaborado con 100% agave azul Weber. Seleccionamos \u00fanicamente agaves maduros de 6 a 8 a\u00f1os de nuestros campos y los cocemos lentamente al vapor en hornos tradicionales de piedra volc\u00e1nica. La fermentaci\u00f3n es completamente natural, utilizando solo levadura Azteca con certificaci\u00f3n kosher, sin aceleradores qu\u00edmicos. El resultado es un Blanco puro y aut\u00e9ntico que refleja la verdadera artesan\u00eda.<\/p>\n<\/div>\n\t\t\t\n\t\t\t\n\t\t\t\n\t\t\t<div class=\"wd-add-btn wd-add-btn-replace\">\n\t\t\t\t\n\t\t\t\t<a href=\"\/es\/wp-json\/wp\/v2\/pages\/122?add-to-cart=137\" aria-describedby=\"woocommerce_loop_add_to_cart_link_describedby_137\" data-quantity=\"1\" class=\"button product_type_simple add_to_cart_button ajax_add_to_cart add-to-cart-loop\" data-product_id=\"137\" data-product_sku=\"\" aria-label=\"A\u00f1adir al carrito: &ldquo;Tequila blanco 750 mL&rdquo;\" rel=\"nofollow\" data-success_message=\"\u00abTequila blanco 750 mL\u00bb se ha a\u00f1adido a tu carrito\" role=\"button\"><span>A\u00f1adir al carrito<\/span><\/a>\t<span id=\"woocommerce_loop_add_to_cart_link_describedby_137\" class=\"screen-reader-text\">\n\t\t\t<\/span>\n\t\t\t<\/div>\n\n\t\t\t\t\t<\/div>\n\t<\/div>\n<\/div>\n\t\t\n\t\t\t\t<\/div>\n\t\n\t\t\n\t\t\n\t\t\t\t\t<\/div>\n\t\t\n\t\t\t\t\t\t<\/div>\n\t\t\t\t<\/div>\n\t\t\t\t<\/div>\n\t\t<div class=\"elementor-element elementor-element-d3b3ece e-con-full wd-section-stretch-content e-flex e-con e-parent\" data-id=\"d3b3ece\" data-element_type=\"container\" data-e-type=\"container\" data-settings=\"{&quot;background_background&quot;:&quot;classic&quot;}\">\n\t\t\t\t<div class=\"elementor-element elementor-element-dba9502 elementor-widget__width-initial wd-width-100 elementor-widget elementor-widget-wd_products\" data-id=\"dba9502\" data-element_type=\"widget\" data-e-type=\"widget\" data-widget_type=\"wd_products.default\">\n\t\t\t\t<div class=\"elementor-widget-container\">\n\t\t\t\t\t\t\t\t\t\t<div class=\"wd-products-element\">\n\n\t\t\t\n\t\t\t\n\t\t\t\n\t\t\t\n\t\t\t<div class=\"products wd-products elements-list wd-grid-g wd-products-with-bg wd-products-with-shadow\" data-paged=\"1\" data-atts=\"{&quot;speed&quot;:null,&quot;slides_per_view&quot;:null,&quot;wrap&quot;:null,&quot;autoplay&quot;:null,&quot;autoheight&quot;:null,&quot;hide_pagination_control&quot;:null,&quot;dynamic_pagination_control&quot;:null,&quot;hide_prev_next_buttons&quot;:null,&quot;carousel_arrows_position&quot;:null,&quot;hide_scrollbar&quot;:null,&quot;scroll_per_page&quot;:null,&quot;center_mode&quot;:null,&quot;post_type&quot;:&quot;ids&quot;,&quot;spacing&quot;:null,&quot;carousel_sync&quot;:null,&quot;sync_parent_id&quot;:null,&quot;sync_child_id&quot;:null,&quot;scroll_carousel_init&quot;:null,&quot;disable_overflow_carousel&quot;:null,&quot;include&quot;:[&quot;144&quot;],&quot;taxonomies&quot;:null,&quot;offset&quot;:null,&quot;order&quot;:null,&quot;meta_key&quot;:null,&quot;exclude&quot;:null,&quot;shop_tools&quot;:null,&quot;hide_out_of_stock&quot;:&quot;&quot;,&quot;ajax_recently_viewed&quot;:null,&quot;layout&quot;:&quot;list&quot;,&quot;pagination_arrows_position&quot;:null,&quot;items_per_page&quot;:5,&quot;columns&quot;:null,&quot;products_masonry&quot;:null,&quot;products_different_sizes&quot;:null,&quot;product_quantity&quot;:&quot;&quot;,&quot;product_hover&quot;:null,&quot;sale_countdown&quot;:&quot;0&quot;,&quot;stretch_product&quot;:null,&quot;stock_progress_bar&quot;:&quot;0&quot;,&quot;highlighted_products&quot;:&quot;&quot;,&quot;products_divider&quot;:null,&quot;products_bordered_grid&quot;:&quot;&quot;,&quot;products_bordered_grid_style&quot;:null,&quot;products_with_background&quot;:&quot;1&quot;,&quot;products_shadow&quot;:&quot;1&quot;,&quot;products_color_scheme&quot;:&quot;dark&quot;,&quot;img_size&quot;:&quot;large&quot;,&quot;img_size_custom&quot;:null,&quot;grid_gallery_control&quot;:null,&quot;grid_gallery_enable_arrows&quot;:null,&quot;lazy_loading&quot;:&quot;yes&quot;,&quot;elementor&quot;:true,&quot;force_not_ajax&quot;:&quot;no&quot;}\" data-source=\"shortcode\" data-columns=\"\" data-grid-gallery=\"\" style=\"--wd-col-lg:1;--wd-col-md:1;--wd-col-sm:1;\">\n\t\t\n\t\t\t\t\t\t\t\t<div class=\"wd-product product-list-item wd-col product-grid-item product color-scheme-dark type-product post-144 status-publish instock product_cat-mexico has-post-thumbnail shipping-taxable purchasable product-type-simple\" data-loop=\"1\" data-id=\"144\">\n\t\n\t\n\t<div class=\"product-wrapper\">\n\t\t<div class=\"product-element-top wd-quick-shop\">\n\t\t\t<a href=\"https:\/\/grancasala.store\/es\/product\/tequila-reposado-750-ml\/\" class=\"product-image-link\" tabindex=\"-1\" aria-label=\"Tequila reposado 750 mL\">\n\t\t\t\t<img loading=\"lazy\" decoding=\"async\" width=\"700\" height=\"700\" src=\"https:\/\/grancasala.store\/wp-content\/uploads\/2025\/11\/Reposado-1.png\" class=\"attachment-large size-large\" alt=\"\" srcset=\"https:\/\/grancasala.store\/wp-content\/uploads\/2025\/11\/Reposado-1.png 700w, https:\/\/grancasala.store\/wp-content\/uploads\/2025\/11\/Reposado-1-300x300.png 300w, https:\/\/grancasala.store\/wp-content\/uploads\/2025\/11\/Reposado-1-150x150.png 150w, https:\/\/grancasala.store\/wp-content\/uploads\/2025\/11\/Reposado-1-600x600.png 600w\" sizes=\"auto, (max-width: 700px) 100vw, 700px\" \/>\t\t\t<\/a>\n\n\t\t\t\t\t\t<div class=\"hover-img\">\n\t\t\t\t<img loading=\"lazy\" decoding=\"async\" width=\"700\" height=\"700\" src=\"https:\/\/grancasala.store\/wp-content\/uploads\/2025\/11\/Tequila-Mexico-Products-1.png\" class=\"attachment-large size-large\" alt=\"\" srcset=\"https:\/\/grancasala.store\/wp-content\/uploads\/2025\/11\/Tequila-Mexico-Products-1.png 700w, https:\/\/grancasala.store\/wp-content\/uploads\/2025\/11\/Tequila-Mexico-Products-1-300x300.png 300w, https:\/\/grancasala.store\/wp-content\/uploads\/2025\/11\/Tequila-Mexico-Products-1-150x150.png 150w, https:\/\/grancasala.store\/wp-content\/uploads\/2025\/11\/Tequila-Mexico-Products-1-600x600.png 600w\" sizes=\"auto, (max-width: 700px) 100vw, 700px\" \/>\t\t\t<\/div>\n\t\t\t\n\t\t\t<div class=\"wd-buttons wd-pos-r-t\">\n\t\t\t\t\t\t\t\t\t\t<div class=\"quick-view wd-action-btn wd-style-icon wd-quick-view-icon\">\n\t\t\t<a\n\t\t\t\thref=\"https:\/\/grancasala.store\/es\/product\/tequila-reposado-750-ml\/\"\n\t\t\t\tclass=\"open-quick-view quick-view-button\"\n\t\t\t\trel=\"nofollow\"\n\t\t\t\tdata-id=\"144\"\n\t\t\t\t>Quick view<\/a>\n\t\t<\/div>\n\t\t\t\t\t\t\t\t\t\t\t\t\t<\/div>\n\t\t<\/div>\n\n\t\t<div class=\"product-list-content wd-scroll\">\n\t\t\t<h3 class=\"wd-entities-title\"><a href=\"https:\/\/grancasala.store\/es\/product\/tequila-reposado-750-ml\/\">Tequila reposado 750 mL<\/a><\/h3>\t\t\t\t\t\t\t\t\t\t\t\t\n\t<span class=\"price\"><span class=\"woocommerce-Price-amount amount\"><bdi><span class=\"woocommerce-Price-currencySymbol\">MX$<\/span>1,399.00<\/bdi><\/span><\/span>\n\t\t\t\t\t\t<div class=\"woocommerce-product-details__short-description\">\n\t<p><strong>Env\u00edo gratis<br \/>\nEntrega en 5\u20137 d\u00edas<\/strong><br \/>\nTequila Gran Casal\u00e1 Reposado es un tequila premium sin aditivos, 100% agave Weber Azul, elaborado en nuestra destiler\u00eda semiartesanal. Utilizamos agaves cuidadosamente seleccionados de 6 a 8 a\u00f1os de nuestros huertos, cocidos a fuego lento en hornos tradicionales de mamposter\u00eda con vapor suave. Posteriormente, el tequila reposa durante 6 meses en barricas de roble americano, lo que le otorga un color refinado, un car\u00e1cter suave y un perfil de sabor equilibrado. Un Reposado excepcional, reconocido por su calidad a nivel nacional e internacional.<\/p>\n<\/div>\n\t\t\t\n\t\t\t\n\t\t\t\n\t\t\t<div class=\"wd-add-btn wd-add-btn-replace\">\n\t\t\t\t\n\t\t\t\t<a href=\"\/es\/wp-json\/wp\/v2\/pages\/122?add-to-cart=144\" aria-describedby=\"woocommerce_loop_add_to_cart_link_describedby_144\" data-quantity=\"1\" class=\"button product_type_simple add_to_cart_button ajax_add_to_cart add-to-cart-loop\" data-product_id=\"144\" data-product_sku=\"\" aria-label=\"A\u00f1adir al carrito: &ldquo;Tequila reposado 750 mL&rdquo;\" rel=\"nofollow\" data-success_message=\"\u00abTequila reposado 750 mL\u00bb se ha a\u00f1adido a tu carrito\" role=\"button\"><span>A\u00f1adir al carrito<\/span><\/a>\t<span id=\"woocommerce_loop_add_to_cart_link_describedby_144\" class=\"screen-reader-text\">\n\t\t\t<\/span>\n\t\t\t<\/div>\n\n\t\t\t\t\t<\/div>\n\t<\/div>\n<\/div>\n\t\t\n\t\t\t\t<\/div>\n\t\n\t\t\n\t\t\n\t\t\t\t\t<\/div>\n\t\t\n\t\t\t\t\t\t<\/div>\n\t\t\t\t<\/div>\n\t\t\t\t<\/div>\n\t\t<div class=\"elementor-element elementor-element-edc661b e-con-full wd-section-stretch-content e-flex e-con e-parent\" data-id=\"edc661b\" data-element_type=\"container\" data-e-type=\"container\" data-settings=\"{&quot;background_background&quot;:&quot;classic&quot;}\">\n\t\t\t\t<div class=\"elementor-element elementor-element-aae6ed7 elementor-widget__width-initial wd-width-100 elementor-widget elementor-widget-wd_products\" data-id=\"aae6ed7\" data-element_type=\"widget\" data-e-type=\"widget\" data-widget_type=\"wd_products.default\">\n\t\t\t\t<div class=\"elementor-widget-container\">\n\t\t\t\t\t\t\t\t\t\t<div class=\"wd-products-element\">\n\n\t\t\t\n\t\t\t\n\t\t\t\n\t\t\t\n\t\t\t<div class=\"products wd-products elements-list wd-grid-g wd-products-with-bg wd-products-with-shadow\" data-paged=\"1\" data-atts=\"{&quot;speed&quot;:null,&quot;slides_per_view&quot;:null,&quot;wrap&quot;:null,&quot;autoplay&quot;:null,&quot;autoheight&quot;:null,&quot;hide_pagination_control&quot;:null,&quot;dynamic_pagination_control&quot;:null,&quot;hide_prev_next_buttons&quot;:null,&quot;carousel_arrows_position&quot;:null,&quot;hide_scrollbar&quot;:null,&quot;scroll_per_page&quot;:null,&quot;center_mode&quot;:null,&quot;post_type&quot;:&quot;ids&quot;,&quot;spacing&quot;:null,&quot;carousel_sync&quot;:null,&quot;sync_parent_id&quot;:null,&quot;sync_child_id&quot;:null,&quot;scroll_carousel_init&quot;:null,&quot;disable_overflow_carousel&quot;:null,&quot;include&quot;:[&quot;194&quot;],&quot;taxonomies&quot;:null,&quot;offset&quot;:null,&quot;order&quot;:null,&quot;meta_key&quot;:null,&quot;exclude&quot;:null,&quot;shop_tools&quot;:null,&quot;hide_out_of_stock&quot;:&quot;&quot;,&quot;ajax_recently_viewed&quot;:null,&quot;layout&quot;:&quot;list&quot;,&quot;pagination_arrows_position&quot;:null,&quot;items_per_page&quot;:5,&quot;columns&quot;:null,&quot;products_masonry&quot;:null,&quot;products_different_sizes&quot;:null,&quot;product_quantity&quot;:&quot;&quot;,&quot;product_hover&quot;:null,&quot;sale_countdown&quot;:&quot;0&quot;,&quot;stretch_product&quot;:null,&quot;stock_progress_bar&quot;:&quot;0&quot;,&quot;highlighted_products&quot;:&quot;&quot;,&quot;products_divider&quot;:null,&quot;products_bordered_grid&quot;:&quot;&quot;,&quot;products_bordered_grid_style&quot;:null,&quot;products_with_background&quot;:&quot;1&quot;,&quot;products_shadow&quot;:&quot;1&quot;,&quot;products_color_scheme&quot;:&quot;dark&quot;,&quot;img_size&quot;:&quot;large&quot;,&quot;img_size_custom&quot;:null,&quot;grid_gallery_control&quot;:null,&quot;grid_gallery_enable_arrows&quot;:null,&quot;lazy_loading&quot;:&quot;yes&quot;,&quot;elementor&quot;:true,&quot;force_not_ajax&quot;:&quot;no&quot;}\" data-source=\"shortcode\" data-columns=\"\" data-grid-gallery=\"\" style=\"--wd-col-lg:1;--wd-col-md:1;--wd-col-sm:1;\">\n\t\t\n\t\t\t\t\t\t\t\t<div class=\"wd-product product-list-item wd-col product-grid-item product color-scheme-dark type-product post-194 status-publish instock product_cat-mexico has-post-thumbnail shipping-taxable purchasable product-type-simple\" data-loop=\"1\" data-id=\"194\">\n\t\n\t\n\t<div class=\"product-wrapper\">\n\t\t<div class=\"product-element-top wd-quick-shop\">\n\t\t\t<a href=\"https:\/\/grancasala.store\/es\/product\/tequila-reposado-750-ml-copy\/\" class=\"product-image-link\" tabindex=\"-1\" aria-label=\"Lote de Gran Casal\u00e1 Blanco &amp; Reposado de 750 mL (2 botellas)\">\n\t\t\t\t<img loading=\"lazy\" decoding=\"async\" width=\"700\" height=\"700\" src=\"https:\/\/grancasala.store\/wp-content\/uploads\/2025\/11\/Tequila-Mexico-Products-3.png\" class=\"attachment-large size-large\" alt=\"\" srcset=\"https:\/\/grancasala.store\/wp-content\/uploads\/2025\/11\/Tequila-Mexico-Products-3.png 700w, https:\/\/grancasala.store\/wp-content\/uploads\/2025\/11\/Tequila-Mexico-Products-3-300x300.png 300w, https:\/\/grancasala.store\/wp-content\/uploads\/2025\/11\/Tequila-Mexico-Products-3-150x150.png 150w, https:\/\/grancasala.store\/wp-content\/uploads\/2025\/11\/Tequila-Mexico-Products-3-600x600.png 600w\" sizes=\"auto, (max-width: 700px) 100vw, 700px\" \/>\t\t\t<\/a>\n\n\t\t\t\n\t\t\t<div class=\"wd-buttons wd-pos-r-t\">\n\t\t\t\t\t\t\t\t\t\t<div class=\"quick-view wd-action-btn wd-style-icon wd-quick-view-icon\">\n\t\t\t<a\n\t\t\t\thref=\"https:\/\/grancasala.store\/es\/product\/tequila-reposado-750-ml-copy\/\"\n\t\t\t\tclass=\"open-quick-view quick-view-button\"\n\t\t\t\trel=\"nofollow\"\n\t\t\t\tdata-id=\"194\"\n\t\t\t\t>Quick view<\/a>\n\t\t<\/div>\n\t\t\t\t\t\t\t\t\t\t\t\t\t<\/div>\n\t\t<\/div>\n\n\t\t<div class=\"product-list-content wd-scroll\">\n\t\t\t<h3 class=\"wd-entities-title\"><a href=\"https:\/\/grancasala.store\/es\/product\/tequila-reposado-750-ml-copy\/\">Lote de Gran Casal\u00e1 Blanco &amp; Reposado de 750 mL (2 botellas)<\/a><\/h3>\t\t\t\t\t\t\t\t\t\t\t\t\n\t<span class=\"price\"><span class=\"woocommerce-Price-amount amount\"><bdi><span class=\"woocommerce-Price-currencySymbol\">MX$<\/span>2,198.00<\/bdi><\/span><\/span>\n\t\t\t\t\t\t<div class=\"woocommerce-product-details__short-description\">\n\t<p><strong>Env\u00edo gratis<br \/>\nEntrega en 5\u20137 d\u00edas<\/strong><br \/>\nExperimente lo mejor de Gran Casal\u00e1 con nuestro exclusivo d\u00fao Blanco + Reposado. Ambos tequilas se elaboran con agaves Blue Weber de 6 a 8 a\u00f1os de maduraci\u00f3n, se cocinan a fuego lento con vapor suave y se fermentan naturalmente.<br \/>\nEl Blanco ofrece una expresi\u00f3n pura y limpia de agave, mientras que el Reposado reposa 6 meses en barricas de roble americano, desarrollando un car\u00e1cter suave, refinado y equilibrado.<br \/>\nLa combinaci\u00f3n perfecta para disfrutar de Gran Casal\u00e1 en su estado puro y su delicada maduraci\u00f3n.<\/p>\n<\/div>\n\t\t\t\n\t\t\t\n\t\t\t\n\t\t\t<div class=\"wd-add-btn wd-add-btn-replace\">\n\t\t\t\t\n\t\t\t\t<a href=\"\/es\/wp-json\/wp\/v2\/pages\/122?add-to-cart=194\" aria-describedby=\"woocommerce_loop_add_to_cart_link_describedby_194\" data-quantity=\"1\" class=\"button product_type_simple add_to_cart_button ajax_add_to_cart add-to-cart-loop\" data-product_id=\"194\" data-product_sku=\"\" aria-label=\"A\u00f1adir al carrito: &ldquo;Lote de Gran Casal\u00e1 Blanco &amp; Reposado de 750 mL (2 botellas)&rdquo;\" rel=\"nofollow\" data-success_message=\"\u00abLote de Gran Casal\u00e1 Blanco &amp; Reposado de 750 mL (2 botellas)\u00bb se ha a\u00f1adido a tu carrito\" role=\"button\"><span>A\u00f1adir al carrito<\/span><\/a>\t<span id=\"woocommerce_loop_add_to_cart_link_describedby_194\" class=\"screen-reader-text\">\n\t\t\t<\/span>\n\t\t\t<\/div>\n\n\t\t\t\t\t<\/div>\n\t<\/div>\n<\/div>\n\t\t\n\t\t\t\t<\/div>\n\t\n\t\t\n\t\t\n\t\t\t\t\t<\/div>\n\t\t\n\t\t\t\t\t\t<\/div>\n\t\t\t\t<\/div>\n\t\t\t\t<\/div>\n\t\t\t\t<\/div>\n\t\t","protected":false},"excerpt":{"rendered":"<p>Comprar M\u00e9xico\u200b Quick view Tequila blanco 750 mL MX$899.00 Tequila Gran Casal\u00e1 Blanco es un tequila artesanal elaborado con 100%<\/p>\n","protected":false},"author":1,"featured_media":0,"parent":0,"menu_order":0,"comment_status":"closed","ping_status":"closed","template":"","meta":{"footnotes":""},"class_list":["post-122","page","type-page","status-publish","hentry"],"_hostinger_reach_plugin_has_subscription_block":false,"_hostinger_reach_plugin_is_elementor":false,"_links":{"self":[{"href":"https:\/\/grancasala.store\/es\/wp-json\/wp\/v2\/pages\/122","targetHints":{"allow":["GET"]}}],"collection":[{"href":"https:\/\/grancasala.store\/es\/wp-json\/wp\/v2\/pages"}],"about":[{"href":"https:\/\/grancasala.store\/es\/wp-json\/wp\/v2\/types\/page"}],"author":[{"embeddable":true,"href":"https:\/\/grancasala.store\/es\/wp-json\/wp\/v2\/users\/1"}],"replies":[{"embeddable":true,"href":"https:\/\/grancasala.store\/es\/wp-json\/wp\/v2\/comments?post=122"}],"version-history":[{"count":14,"href":"https:\/\/grancasala.store\/es\/wp-json\/wp\/v2\/pages\/122\/revisions"}],"predecessor-version":[{"id":219,"href":"https:\/\/grancasala.store\/es\/wp-json\/wp\/v2\/pages\/122\/revisions\/219"}],"wp:attachment":[{"href":"https:\/\/grancasala.store\/es\/wp-json\/wp\/v2\/media?parent=122"}],"curies":[{"name":"wp","href":"https:\/\/api.w.org\/{rel}","templated":true}]}}